{"id":32,"date":"2023-06-11T09:41:54","date_gmt":"2023-06-11T07:41:54","guid":{"rendered":"http:\/\/branicka.e-rawicz.pl\/?page_id=32"},"modified":"2023-06-11T10:34:33","modified_gmt":"2023-06-11T08:34:33","slug":"gabinet","status":"publish","type":"page","link":"https:\/\/branicka.e-rawicz.pl\/index.php\/gabinet\/","title":{"rendered":"Gabinet"},"content":{"rendered":"\n<figure class=\"wp-block-table is-style-stripes\"><table class=\"has-fixed-layout\"><tbody><tr><td class=\"has-text-align-center\" data-align=\"center\"><img loading=\"lazy\" decoding=\"async\" width=\"400\" height=\"533\" class=\"wp-image-22\" style=\"width: 400px;\" src=\"http:\/\/branicka.e-rawicz.pl\/wp-content\/uploads\/2023\/06\/20230603_132201-scaled.jpg\" alt=\"\" srcset=\"https:\/\/branicka.e-rawicz.pl\/wp-content\/uploads\/2023\/06\/20230603_132201-scaled.jpg 1920w, https:\/\/branicka.e-rawicz.pl\/wp-content\/uploads\/2023\/06\/20230603_132201-225x300.jpg 225w, https:\/\/branicka.e-rawicz.pl\/wp-content\/uploads\/2023\/06\/20230603_132201-768x1024.jpg 768w, https:\/\/branicka.e-rawicz.pl\/wp-content\/uploads\/2023\/06\/20230603_132201-1152x1536.jpg 1152w, https:\/\/branicka.e-rawicz.pl\/wp-content\/uploads\/2023\/06\/20230603_132201-1536x2048.jpg 1536w, https:\/\/branicka.e-rawicz.pl\/wp-content\/uploads\/2023\/06\/20230603_132201-45x60.jpg 45w\" sizes=\"auto, (max-width: 400px) 100vw, 400px\" \/><\/td><td> <p class=\"has-text-align-center\">Gabinet prowadz\u0119 od 1998 roku.<\/p><p class=\"has-text-align-center\">Gabinet mia\u0142 sw\u0105 siedzib\u0119 w Lesznie i\u00a0 Chwa\u0142kowie gmina Krobia. Od 2013 roku w<strong> mie\u015bcie Jutrosin, <\/strong>na ulicy Garncarskiej 31 w bardzo klimatycznym domu, w kt\u00f3rych wn\u0119trzach i obej\u015bciu, daj\u0119 upust swej pasji malarstwa artystycznego.<\/p><p class=\"has-text-align-center\">Lokalizacja\u00a0 gabinetu sprzyja dyskrecji i przytulno\u015bci . Wizyta z zewn\u0105trz wygl\u0105da na s\u0105siedzkie odwiedziny. Dbam o anonimowo\u015b\u0107, intymno\u015b\u0107 i wygod\u0119. Umawiam si\u0119 telefonicznie, dbaj\u0105c o to,\u00a0 by klienci nie spotykali si\u0119 nawzajem. Zapewniam fachow\u0105 us\u0142ug\u0119, zgodnie z obowi\u0105zuj\u0105cymi standardami. Praca jest r\u00f3wnie\u017c moj\u0105 pasj\u0105, dlatego wykonuj\u0119 j\u0105 z zaanga\u017cowaniem,\u00a0 co przek\u0142ada si\u0119 na wymiern\u0105 satysfakcj\u0119 moich klient\u00f3w.<\/p> <\/td><\/tr><\/tbody><\/table><\/figure>\n","protected":false},"excerpt":{"rendered":"<p>Gabinet prowadz\u0119 od 1998 roku. Gabinet mia\u0142 sw\u0105 siedzib\u0119 w Lesznie i\u00a0 Chwa\u0142kowie gmina Krobia. Od 2013 roku w mie\u015bcie Jutrosin, na ulicy Garncarskiej 31 w bardzo klimatycznym domu, w kt\u00f3rych wn\u0119trzach i obej\u015bciu, daj\u0119 upust swej pasji malarstwa artystycznego. Lokalizacja\u00a0 gabinetu sprzyja dyskrecji i przytulno\u015bci . Wizyta z zewn\u0105trz wygl\u0105da na s\u0105siedzkie odwiedziny. Dbam &hellip; <\/p>\n","protected":false},"author":1,"featured_media":0,"parent":0,"menu_order":0,"comment_status":"closed","ping_status":"closed","template":"","meta":{"footnotes":""},"class_list":["post-32","page","type-page","status-publish","hentry","grid-sizer"],"_links":{"self":[{"href":"https:\/\/branicka.e-rawicz.pl\/index.php\/wp-json\/wp\/v2\/pages\/32","targetHints":{"allow":["GET"]}}],"collection":[{"href":"https:\/\/branicka.e-rawicz.pl\/index.php\/wp-json\/wp\/v2\/pages"}],"about":[{"href":"https:\/\/branicka.e-rawicz.pl\/index.php\/wp-json\/wp\/v2\/types\/page"}],"author":[{"embeddable":true,"href":"https:\/\/branicka.e-rawicz.pl\/index.php\/wp-json\/wp\/v2\/users\/1"}],"replies":[{"embeddable":true,"href":"https:\/\/branicka.e-rawicz.pl\/index.php\/wp-json\/wp\/v2\/comments?post=32"}],"version-history":[{"count":12,"href":"https:\/\/branicka.e-rawicz.pl\/index.php\/wp-json\/wp\/v2\/pages\/32\/revisions"}],"predecessor-version":[{"id":73,"href":"https:\/\/branicka.e-rawicz.pl\/index.php\/wp-json\/wp\/v2\/pages\/32\/revisions\/73"}],"wp:attachment":[{"href":"https:\/\/branicka.e-rawicz.pl\/index.php\/wp-json\/wp\/v2\/media?parent=32"}],"curies":[{"name":"wp","href":"https:\/\/api.w.org\/{rel}","templated":true}]}}