{"id":31,"date":"2023-06-11T09:41:54","date_gmt":"2023-06-11T07:41:54","guid":{"rendered":"http:\/\/branicka.e-rawicz.pl\/?page_id=31"},"modified":"2023-06-25T16:44:31","modified_gmt":"2023-06-25T14:44:31","slug":"oferta","status":"publish","type":"page","link":"https:\/\/branicka.e-rawicz.pl\/index.php\/oferta\/","title":{"rendered":"Oferta"},"content":{"rendered":"\n<figure class=\"wp-block-table is-style-stripes\"><table class=\"has-fixed-layout\"><tbody><tr><td class=\"has-text-align-center\" data-align=\"center\"><img loading=\"lazy\" decoding=\"async\" width=\"500\" height=\"375\" class=\"wp-image-105\" style=\"width: 500px;\" src=\"http:\/\/branicka.e-rawicz.pl\/wp-content\/uploads\/2023\/06\/IMG-20230618-WA0001-e1687704215126.jpg\" alt=\"\" srcset=\"https:\/\/branicka.e-rawicz.pl\/wp-content\/uploads\/2023\/06\/IMG-20230618-WA0001-e1687704215126.jpg 700w, https:\/\/branicka.e-rawicz.pl\/wp-content\/uploads\/2023\/06\/IMG-20230618-WA0001-e1687704215126-300x225.jpg 300w, https:\/\/branicka.e-rawicz.pl\/wp-content\/uploads\/2023\/06\/IMG-20230618-WA0001-e1687704215126-80x60.jpg 80w\" sizes=\"auto, (max-width: 500px) 100vw, 500px\" \/><br><br><strong>Terapia i pomoc w leczeniu:<\/strong><br><br>* nerwic<br>* depresji<br>* zaburze\u0144 osobowo\u015bci<br>* zaburze\u0144 psychosomatycznych (uporczywe b\u00f3le g\u0142owy, bezsenno\u015b\u0107, nadwaga itp.)<br>* zaburze\u0144 emocjonalnych<br>* uzale\u017cnie\u0144 od alkoholu, seksu, pracy, internetu, hazardu, narkotyk\u00f3w<br>\u00a0<br><strong>Pomoc osobom w kryzysie \u017cyciowym:<\/strong><br>\u00a0<br>* do\u015bwiadczaj\u0105cym trudno\u015bci w relacjach z lud\u017ami: \u017cyciowymi partnerami, z dzie\u0107mi,\u00a0w pracy<br>* maj\u0105cymi trudno\u015bci z powodu uzale\u017cnienia dziecka<br>* prze\u017cywaj\u0105cymi poczucia braku satysfakcji z \u017cycia<br>* cierpi\u0105cymi z powodu nadu\u017cy\u0107 z przesz\u0142o\u015bci, bycia ofiar\u0105 przemocy psychicznej, fizycznej, seksualnej<br>* zainteresowanymi rozwojem poczucia w\u0142asnej warto\u015bci<br>* do\u015bwiadczaj\u0105cymi stresu dnia codziennego<br>* pochodz\u0105cych z rodzin, gdzie wyst\u0119powa\u0142 problem uzale\u017cnienia alkoholowego\u00a0 i innych dysfunkcji<br>* chc\u0105cymi lepiej rozumie\u0107 siebie i innych.<\/td><td class=\"has-text-align-center\" data-align=\"center\"><strong>Prowadzenie szkole\u0144 z zakresu:<\/strong><br>* komunikacji \u2013 komunikacja &#8211; jedna z najwa\u017cniejszych czynnik\u00f3w prawid\u0142owego funkcjonowania cz\u0142owieka w \u015bwiecie wsp\u00f3\u0142czesnym, a tym bardziej w \u015bwiecie biznesu.<br>* negocjacji &#8211; negocjacje \u2013 psychologiczne aspekty negocjacji w aspekcie komunikacji z trudnym partnerem, kt\u00f3ra jest niezb\u0119dna do stawiania czo\u0142a najtrudniejszym przeciwnikom.<br>* asertywno\u015bci \u2013 asertywno\u015b\u0107 \u2013 jest to czynnik psychologiczny, kt\u00f3ry pozwala pracownikom i prze\u0142o\u017conym czu\u0107 si\u0119 lepiej i pewniej w ka\u017cdej sytuacji. Osoba asertywna to osoba potrafi\u0105ca zadba\u0107 o sw\u00f3j jak i firmowy interes bez popadania w konflikt ze \u015bwiatem zewn\u0119trznym.<br>* trening interpersonalny \u2013 umiej\u0119tno\u015bci interpersonalne to skuteczne kontaktowanie si\u0119 z innymi lud\u017ami, kt\u00f3re sprzyjaj\u0105 lepszemu funkcjonowaniu w grupie i dla grupy, maj\u0105 korzystny wp\u0142yw na komunikacj\u0119 i wzajemne zrozumienie, poprawiaj\u0105 nastr\u00f3j, podnosz\u0105 gotowo\u015b\u0107 do wsp\u00f3\u0142dzia\u0142ania.<br>* trening antystresowy \u2013 stres \u2013 jeden z najwa\u017cniejszych czynnik\u00f3w indywidualnych maj\u0105cych wp\u0142yw na nas i nasze otoczenie oraz na efektywno\u015b\u0107 naszej pracy i zadowolenie z niej. Zrozumienie mechanizm\u00f3w, zminimalizowanie wp\u0142ywu stresor\u00f3w oraz umiej\u0119tne<br>stosowanie technik antystresowych gwarantuje wi\u0119kszy sukces indywidualny i zespo\u0142u pracownik\u00f3w.<br>* psychoprofilaktyki &#8211; programy profilaktyczne w szko\u0142ach, psychoedukacja dla nauczycieli i<br>innych grup zawodowych zajmuj\u0105cych si\u0119 pomaganiem.<br>* uzale\u017cnie\u0144 i przemocy w rodzinie \u2013 wiedza o uzale\u017cnieniach , psychologia zachowa\u0144 osoby uzale\u017cnionej, praca z rodzin\u0105 osoby uzale\u017cnionej, motywowanie do leczenia, praca z dzieckiem z rodzin z problemem alkoholowym i przemoc\u0105, psychologia przemocy (fizyczna, psychiczna, seksualna)<br>* psychopatologii \u2013 wiedza na temat zaburze\u0144 psychicznych i mo\u017cliwo\u015bci ich leczenia.<\/td><\/tr><\/tbody><\/table><\/figure>\n","protected":false},"excerpt":{"rendered":"<p>Terapia i pomoc w leczeniu: * nerwic* depresji* zaburze\u0144 osobowo\u015bci* zaburze\u0144 psychosomatycznych (uporczywe b\u00f3le g\u0142owy, bezsenno\u015b\u0107, nadwaga itp.)* zaburze\u0144 emocjonalnych* uzale\u017cnie\u0144 od alkoholu, seksu, pracy, internetu, hazardu, narkotyk\u00f3w\u00a0Pomoc osobom w kryzysie \u017cyciowym:\u00a0* do\u015bwiadczaj\u0105cym trudno\u015bci w relacjach z lud\u017ami: \u017cyciowymi partnerami, z dzie\u0107mi,\u00a0w pracy* maj\u0105cymi trudno\u015bci z powodu uzale\u017cnienia dziecka* prze\u017cywaj\u0105cymi poczucia braku satysfakcji z \u017cycia* &hellip; <\/p>\n","protected":false},"author":1,"featured_media":0,"parent":0,"menu_order":0,"comment_status":"closed","ping_status":"closed","template":"","meta":{"footnotes":""},"class_list":["post-31","page","type-page","status-publish","hentry","grid-sizer"],"_links":{"self":[{"href":"https:\/\/branicka.e-rawicz.pl\/index.php\/wp-json\/wp\/v2\/pages\/31","targetHints":{"allow":["GET"]}}],"collection":[{"href":"https:\/\/branicka.e-rawicz.pl\/index.php\/wp-json\/wp\/v2\/pages"}],"about":[{"href":"https:\/\/branicka.e-rawicz.pl\/index.php\/wp-json\/wp\/v2\/types\/page"}],"author":[{"embeddable":true,"href":"https:\/\/branicka.e-rawicz.pl\/index.php\/wp-json\/wp\/v2\/users\/1"}],"replies":[{"embeddable":true,"href":"https:\/\/branicka.e-rawicz.pl\/index.php\/wp-json\/wp\/v2\/comments?post=31"}],"version-history":[{"count":4,"href":"https:\/\/branicka.e-rawicz.pl\/index.php\/wp-json\/wp\/v2\/pages\/31\/revisions"}],"predecessor-version":[{"id":107,"href":"https:\/\/branicka.e-rawicz.pl\/index.php\/wp-json\/wp\/v2\/pages\/31\/revisions\/107"}],"wp:attachment":[{"href":"https:\/\/branicka.e-rawicz.pl\/index.php\/wp-json\/wp\/v2\/media?parent=31"}],"curies":[{"name":"wp","href":"https:\/\/api.w.org\/{rel}","templated":true}]}}