{"id":30,"date":"2023-06-11T09:41:54","date_gmt":"2023-06-11T07:41:54","guid":{"rendered":"http:\/\/branicka.e-rawicz.pl\/?page_id=30"},"modified":"2023-06-25T19:28:20","modified_gmt":"2023-06-25T17:28:20","slug":"kontakt","status":"publish","type":"page","link":"https:\/\/branicka.e-rawicz.pl\/index.php\/kontakt\/","title":{"rendered":"Kontakt"},"content":{"rendered":"\n<h1 class=\"wp-block-heading\">Zapisy telefoniczne:<\/h1>\n\n\n\n<p class=\"has-text-align-center has-large-font-size\"><strong>Halina Branicka \u2013 \u015aniadecka&nbsp; 501 306 513<\/strong><\/p>\n\n\n\n<p class=\"has-text-align-center\">63- 930 Jutrosin, ul. Garncarska 31<\/p>\n\n\n\n<p class=\"has-text-align-center\"><strong>Umawia\u0107 na spotkania mo\u017cna si\u0119 tak\u017ce przy pomocy maila.<\/strong><\/p>\n\n\n\n<p class=\"has-text-align-center\">e-mail: <a href=\"mailto:gabinet@branicka-psycholog.pl\">gabinet@branicka-psycholog.pl<\/a><\/p>\n\n\n\n<p class=\"has-text-align-center\">Przyjmuj\u0119 w godzinach przed i popo\u0142udniowych oraz wieczornych.<\/p>\n\n\n\n<p class=\"has-text-align-center\">Do zg\u0142oszenia nie s\u0105 potrzebne dane personalne.<\/p>\n\n\n\n<p class=\"has-text-align-center\"><strong>Terminy prosz\u0119 uzgadnia\u0107 telefonicznie od poniedzia\u0142ku do czwartku w godzinach od 10 \u2013 17.<\/strong><\/p>\n","protected":false},"excerpt":{"rendered":"<p>Zapisy telefoniczne: Halina Branicka \u2013 \u015aniadecka&nbsp; 501 306 513 63- 930 Jutrosin, ul. Garncarska 31 Umawia\u0107 na spotkania mo\u017cna si\u0119 tak\u017ce przy pomocy maila. e-mail: gabinet@branicka-psycholog.pl Przyjmuj\u0119 w godzinach przed i popo\u0142udniowych oraz wieczornych. Do zg\u0142oszenia nie s\u0105 potrzebne dane personalne. Terminy prosz\u0119 uzgadnia\u0107 telefonicznie od poniedzia\u0142ku do czwartku w godzinach od 10 \u2013 17.<\/p>\n","protected":false},"author":1,"featured_media":0,"parent":0,"menu_order":0,"comment_status":"closed","ping_status":"closed","template":"","meta":{"footnotes":""},"class_list":["post-30","page","type-page","status-publish","hentry","grid-sizer"],"_links":{"self":[{"href":"https:\/\/branicka.e-rawicz.pl\/index.php\/wp-json\/wp\/v2\/pages\/30","targetHints":{"allow":["GET"]}}],"collection":[{"href":"https:\/\/branicka.e-rawicz.pl\/index.php\/wp-json\/wp\/v2\/pages"}],"about":[{"href":"https:\/\/branicka.e-rawicz.pl\/index.php\/wp-json\/wp\/v2\/types\/page"}],"author":[{"embeddable":true,"href":"https:\/\/branicka.e-rawicz.pl\/index.php\/wp-json\/wp\/v2\/users\/1"}],"replies":[{"embeddable":true,"href":"https:\/\/branicka.e-rawicz.pl\/index.php\/wp-json\/wp\/v2\/comments?post=30"}],"version-history":[{"count":5,"href":"https:\/\/branicka.e-rawicz.pl\/index.php\/wp-json\/wp\/v2\/pages\/30\/revisions"}],"predecessor-version":[{"id":111,"href":"https:\/\/branicka.e-rawicz.pl\/index.php\/wp-json\/wp\/v2\/pages\/30\/revisions\/111"}],"wp:attachment":[{"href":"https:\/\/branicka.e-rawicz.pl\/index.php\/wp-json\/wp\/v2\/media?parent=30"}],"curies":[{"name":"wp","href":"https:\/\/api.w.org\/{rel}","templated":true}]}}