{"id":28,"date":"2023-06-11T09:41:54","date_gmt":"2023-06-11T07:41:54","guid":{"rendered":"http:\/\/branicka.e-rawicz.pl\/?page_id=28"},"modified":"2023-06-25T16:47:14","modified_gmt":"2023-06-25T14:47:14","slug":"o-mnie","status":"publish","type":"page","link":"https:\/\/branicka.e-rawicz.pl\/index.php\/o-mnie\/","title":{"rendered":"O mnie"},"content":{"rendered":"\n<figure class=\"wp-block-table is-style-stripes\"><table class=\"has-fixed-layout\"><tbody><tr><td class=\"has-text-align-center\" data-align=\"center\"><img loading=\"lazy\" decoding=\"async\" width=\"500\" height=\"375\" class=\"wp-image-106\" style=\"width: 500px;\" src=\"http:\/\/branicka.e-rawicz.pl\/wp-content\/uploads\/2023\/06\/20230616_103656-scaled-e1687704391929.jpg\" alt=\"\" srcset=\"https:\/\/branicka.e-rawicz.pl\/wp-content\/uploads\/2023\/06\/20230616_103656-scaled-e1687704391929.jpg 700w, https:\/\/branicka.e-rawicz.pl\/wp-content\/uploads\/2023\/06\/20230616_103656-scaled-e1687704391929-300x225.jpg 300w, https:\/\/branicka.e-rawicz.pl\/wp-content\/uploads\/2023\/06\/20230616_103656-scaled-e1687704391929-80x60.jpg 80w\" sizes=\"auto, (max-width: 500px) 100vw, 500px\" \/><\/td><td class=\"has-text-align-center\" data-align=\"center\"><strong>Uko\u0144czy\u0142am fakultet&nbsp; psychologii (specjalizacja \u2013 psychologia kliniczna i spo\u0142eczna) i pedagogiki.-Uniwersytet Wroc\u0142awski, Wy\u017csza Szko\u0142a Psychologii Spo\u0142ecznej w Warszawie.<br>Uko\u0144czy\u0142am r\u00f3wnie\u017c uznane standardy z zakresu psychoterapii,&nbsp; psychoedukacji , psychoprofilaktyki i psychopatologii.<\/strong><br>&nbsp;<br><strong>Moje do\u015bwiadczenia zawodowe:<\/strong><br>&nbsp;&#8211; przeprowadzanie bada\u0144 i wydawania opinii na zlecenie s\u0105du<br>&#8211; prowadzenie indywidualnej i grupowej psychoterapii z doros\u0142ymi, m\u0142odzie\u017c\u0105 i dzie\u0107mi<br>&#8211; prowadzenie szkole\u0144 r\u00f3\u017cnych grup zawodowych : pracownik\u00f3w o\u015bwiaty, s\u0105downictwa, policji, administracji pa\u0144stwowej, sektor prywatny, lekarzy;<br>&#8211; konsultacje i diagnoza<br>&nbsp;<br><strong>Posiadam do\u015bwiadczenie zagraniczne <\/strong><br><strong>(pomoc osobom z PTSD &#8211; zespo\u0142em zaburze\u0144 stresu pourazowego w Uniwersity&nbsp; Medical Center Hackensack w USA)<\/strong><\/td><\/tr><\/tbody><\/table><\/figure>\n","protected":false},"excerpt":{"rendered":"<p>Uko\u0144czy\u0142am fakultet&nbsp; psychologii (specjalizacja \u2013 psychologia kliniczna i spo\u0142eczna) i pedagogiki.-Uniwersytet Wroc\u0142awski, Wy\u017csza Szko\u0142a Psychologii Spo\u0142ecznej w Warszawie.Uko\u0144czy\u0142am r\u00f3wnie\u017c uznane standardy z zakresu psychoterapii,&nbsp; psychoedukacji , psychoprofilaktyki i psychopatologii.&nbsp;Moje do\u015bwiadczenia zawodowe:&nbsp;&#8211; przeprowadzanie bada\u0144 i wydawania opinii na zlecenie s\u0105du&#8211; prowadzenie indywidualnej i grupowej psychoterapii z doros\u0142ymi, m\u0142odzie\u017c\u0105 i dzie\u0107mi&#8211; prowadzenie szkole\u0144 r\u00f3\u017cnych grup zawodowych : &hellip; <\/p>\n","protected":false},"author":1,"featured_media":0,"parent":0,"menu_order":0,"comment_status":"closed","ping_status":"closed","template":"","meta":{"footnotes":""},"class_list":["post-28","page","type-page","status-publish","hentry","grid-sizer"],"_links":{"self":[{"href":"https:\/\/branicka.e-rawicz.pl\/index.php\/wp-json\/wp\/v2\/pages\/28","targetHints":{"allow":["GET"]}}],"collection":[{"href":"https:\/\/branicka.e-rawicz.pl\/index.php\/wp-json\/wp\/v2\/pages"}],"about":[{"href":"https:\/\/branicka.e-rawicz.pl\/index.php\/wp-json\/wp\/v2\/types\/page"}],"author":[{"embeddable":true,"href":"https:\/\/branicka.e-rawicz.pl\/index.php\/wp-json\/wp\/v2\/users\/1"}],"replies":[{"embeddable":true,"href":"https:\/\/branicka.e-rawicz.pl\/index.php\/wp-json\/wp\/v2\/comments?post=28"}],"version-history":[{"count":6,"href":"https:\/\/branicka.e-rawicz.pl\/index.php\/wp-json\/wp\/v2\/pages\/28\/revisions"}],"predecessor-version":[{"id":109,"href":"https:\/\/branicka.e-rawicz.pl\/index.php\/wp-json\/wp\/v2\/pages\/28\/revisions\/109"}],"wp:attachment":[{"href":"https:\/\/branicka.e-rawicz.pl\/index.php\/wp-json\/wp\/v2\/media?parent=28"}],"curies":[{"name":"wp","href":"https:\/\/api.w.org\/{rel}","templated":true}]}}